{"id":610,"date":"2026-02-19T09:27:16","date_gmt":"2026-02-19T00:27:16","guid":{"rendered":"https:\/\/www.eichoudenki.net\/?page_id=610"},"modified":"2026-02-19T09:27:16","modified_gmt":"2026-02-19T00:27:16","slug":"%e6%b1%82%e4%ba%ba%e6%83%85%e5%a0%b1","status":"publish","type":"page","link":"https:\/\/www.eichoudenki.net\/?page_id=610","title":{"rendered":"\u6c42\u4eba\u60c5\u5831"},"content":{"rendered":"\n<p>\u25c6\u8077\u7a2e\u30fb\u4ed5\u4e8b\u5185\u5bb9\u25c6<\/p>\n\n\n\n<p>\u25a0\u88fd\u9020\u30b9\u30bf\u30c3\u30d5\uff08\u7d44\u7acb\u30fb\u914d\u7dda\u7b49\uff09<\/p>\n\n\n\n<p>\u5b9f\u969b\u306b\u5236\u5fa1\u76e4\u3092\u4f5c\u308b\u90e8\u7f72\u3067\u7d44\u7acb\u3001\u914d\u7dda\u4f5c\u696d\u304c\u30e1\u30a4\u30f3\u3067\u3059\u3002<\/p>\n\n\n\n<p>\u25a0\u8a2d\u8a08\u30b9\u30bf\u30c3\u30d5\uff08\u4f5c\u56f3\u30fb\u677f\u91d1\u624b\u914d\u7b49\uff09<\/p>\n\n\n\n<p>\uff23\uff21\uff24\u3067\u96fb\u6c17\u56de\u8def\u56f3\u3084\u96fb\u6c17\u8a2d\u5099\u8a2d\u8a08\u56f3\u3092\u4f5c\u6210\u3059\u308b\u306e\u304c\u30e1\u30a4\u30f3\u3067\u3059\u3002<\/p>\n\n\n\n<p>\u25a0\u4e8b\u52d9\u30b9\u30bf\u30c3\u30d5\uff08\u30d1\u30fc\u30c8\u63a1\u7528\u306e\u307f\uff09<\/p>\n\n\n\n<p>\u90e8\u54c1\u624b\u914d\u3001\u66f8\u985e\u4f5c\u6210\u304c\u30e1\u30a4\u30f3\u3067\u3059\u3002<\/p>\n\n\n\n<p>\u25c6\u7d66\u4e0e\u30fb\u52e4\u52d9\u6642\u9593\u25c6<\/p>\n\n\n\n<p>\u6708\u7d66200,000\u5186\uff5e\uff08\u7d4c\u9a13\u30fb\u8cc7\u683c\u3092\u8003\u616e\u3057\u307e\u3059\uff09<\/p>\n\n\n\n<p>8\uff1a30\uff5e17\uff1a30<\/p>\n\n\n\n<p>\u5b9f\u50cd8\u6642\u9593\/\u4f11\u61a960\u5206<\/p>\n\n\n\n<p>\u6b8b\u696d\u306f\u57fa\u672c\u7684\u306b\u3042\u308a\u307e\u305b\u3093\uff08\u3042\u3063\u3066\u3082\u670810\u6642\u9593\u7a0b\u5ea6\uff09<\/p>\n\n\n\n<p>\uff0a\u8a66\u7528\u671f\u95933\u30ab\u6708\u3042\u308a<\/p>\n\n\n\n<p>\u6642\u7d661,177\u5186\uff5e<\/p>\n\n\n\n<p>9\uff1a00\uff5e17\uff1a00<\/p>\n\n\n\n<p>\uff08\u5b9f\u50cd7\u6642\u9593\/\u4f11\u61a960\u5206\uff09<\/p>\n\n\n\n<p>\uff0a\u4e8b\u52d9\u30b9\u30bf\u30c3\u30d5\uff08\u30d1\u30fc\u30c8\uff09<\/p>\n\n\n\n<p>CAD\u3001\u30a8\u30af\u30bb\u30eb\u7d4c\u9a13\u8005\u512a\u9047<\/p>\n\n\n\n<p>\u90315\u65e5\u30005\uff5e7\u6642\u9593\u7a0b\u5ea6\u3000\u5fdc\u76f8\u8ac7<\/p>\n\n\n\n<p>\u3000\u6642\u7d66 1,177\u5186\uff5e<\/p>\n\n\n\n<p>\u25c6\u5fdc\u52df\u8cc7\u683c\u30fb\u7d4c\u9a13\u25c6<\/p>\n\n\n\n<p>35\u6b73\u4ee5\u4e0b<\/p>\n\n\n\n<p>\u30fb\u8077\u52d9\u7d4c\u9a13\u4e0d\u554f<\/p>\n\n\n\n<p>\u30fb\u65b0\u5352\u6b53\u8fce<\/p>\n\n\n\n<p>\u30fb\u666e\u901a\u514d\u8a31\uff08AT\u9650\u5b9a\u53ef\uff09<\/p>\n\n\n\n<p>\u30fb\u96fb\u6c17\u5de5\u4e8b\u8cc7\u683c\u8005\u512a\u9047<\/p>\n\n\n\n<p>\u25c6\u4f11\u65e5\u30fb\u4f11\u6687\u25c6<\/p>\n\n\n\n<p>\u571f\u66dc\u65e5\/\u65e5\u66dc\u65e5\/\u795d\u65e5<\/p>\n\n\n\n<p>\u30fb\u571f\u66dc\u65e5\uff1a\u4f1a\u793e\u30ab\u30ec\u30f3\u30c0\u30fc\u306b\u3088\u308b\uff08\u51fa\u52e4\u304c\u306a\u3044\u6708\u3082\u3042\u308a\u307e\u3059\uff09<\/p>\n\n\n\n<p>\u30fb\u5e74\u9593\u4f11\u65e5120\u65e5\u7a0b\u5ea6<\/p>\n\n\n\n<p>\u30fb\u5909\u5f62\u52b4\u50cd\u5236\uff081\u5e74\u5358\u4f4d\uff09<\/p>\n\n\n\n<p>\u30fb\u590f\u5b63\u4f11\u6687\u3042\u308a<\/p>\n\n\n\n<p>\u30fb\u5e74\u672b\u5e74\u59cb\u4f11\u6687\u3042\u308a<\/p>\n\n\n\n<p>\u30fb\u6709\u7d66\u4f11\u6687\u3042\u308a<\/p>\n\n\n\n<p>\u30fbGW\u4f11\u6687\u3042\u308a<\/p>\n\n\n\n<p>\u25c6\u5f85\u9047\u25c6<\/p>\n\n\n\n<p>\u30fb\u6607\u7d66\u6709\u308a\uff08\u898f\u5b9a\u3042\u308a\uff09<\/p>\n\n\n\n<p>\u30fb\u8cde\u4e0e\u6709\u308a\uff08\u898f\u5b9a\u3042\u308a\uff09<\/p>\n\n\n\n<p>\u30fb\u7686\u52e4\u624b\u5f53\u6709\u308a\/1\u4e07\u5186\uff081\u30ab\u6708\u9593\u3001\u51fa\u52e4\u65e5\u3092\u4f11\u307e\u305a\u51fa\u52e4\u304c\u6761\u4ef6\uff09<\/p>\n\n\n\n<p>\u30fb\u793e\u4f1a\u4fdd\u967a\u5b8c\u5099<\/p>\n\n\n\n<p>\u30fb\u4ea4\u901a\u8cbb\u898f\u7a0b\u652f\u7d66\uff08\u6700\u5927\u67083\u4e07\u307e\u3067\uff09<\/p>\n\n\n\n<p>\u30fb\u4e2d\u5c0f\u4f01\u696d\u9000\u8077\u91d1\u6551\u6e08\u52a0\u5165<\/p>\n\n\n\n<p>\u30fb\u30d0\u30a4\u30af\u30fb\u81ea\u8ee2\u8eca\u901a\u52e4OK<\/p>\n\n\n\n<p>\u30fb\u8eca\u901a\u52e4\uff08\u5fdc\u76f8\u8ac7\uff09<\/p>\n\n\n\n<p>\u25a0\u25a1\u25a0\u25a1\u25a0\u25a1\u25a0\u25a1\u25a0\u25a1\u25a0\u25a1\u25a0\u25a1\u25a0\u25a1\u25a0\u25a1\u25a0\u25a1\u25a0\u25a1\u25a0\u25a1\u25a0\u25a1\u25a0\u25a1\u25a0\u25a1\u25a0\u25a1\u25a0\u25a1\u25a0\u25a1\u25a0\u25a1\u25a0\u25a1\u25a0\u25a1<\/p>\n\n\n\n<p>\u8077\u52d9\u7d4c\u9a13\u306f\u4e0d\u554f\u3067\u3059\u3002<\/p>\n\n\n\n<p>\u300c\u30e2\u30ce\u3065\u304f\u308a\u304c\u597d\u304d\u300d\u300c\u30b3\u30c4\u30b3\u30c4\u4f5c\u696d\u304c\u5f97\u610f\u300d<\/p>\n\n\n\n<p>\u305d\u3093\u306a\u65b9\u306a\u3089\u697d\u3057\u307f\u306a\u304c\u3089\u6210\u9577\u3067\u304d\u307e\u3059\u3002<\/p>\n\n\n\n<p>\u8cc7\u683c\u53d6\u5f97\u652f\u63f4\u3082\u3042\u308a\u3001\u30b9\u30ad\u30eb\u30a2\u30c3\u30d7\u3082\u53ef\u80fd\u3002<\/p>\n\n\n\n<p>\u5f53\u793e\u306e\u672a\u6765\u3092\u62c5\u3046\u65b0\u3057\u3044\u4e16\u4ee3\u306e\u6d3b\u8e8d\u306b\u671f\u5f85\u3057\u3066\u3044\u307e\u3059\u3002<\/p>\n\n\n\n<p>\u25a0\u25a1\u25a0\u25a1\u25a0\u25a1\u25a0\u25a1\u25a0\u25a1\u25a0\u25a1\u25a0\u25a1\u25a0\u25a1\u25a0\u25a1\u25a0\u25a1\u25a0\u25a1\u25a0\u25a1\u25a0\u25a1\u25a0\u25a1\u25a0\u25a1\u25a0\u25a1\u25a0\u25a1\u25a0\u25a1\u25a0\u25a1\u25a0\u25a1\u25a0\u25a1<\/p>\n\n\n\n<div class=\"wpcf7 no-js\" id=\"wpcf7-f42-o1\" lang=\"en-US\" dir=\"ltr\" data-wpcf7-id=\"42\">\n<div class=\"screen-reader-response\"><p role=\"status\" aria-live=\"polite\" aria-atomic=\"true\"><\/p> <ul><\/ul><\/div>\n<form action=\"\/index.php?rest_route=%2Fwp%2Fv2%2Fpages%2F610#wpcf7-f42-o1\" method=\"post\" class=\"wpcf7-form init\" aria-label=\"Contact form\" novalidate=\"novalidate\" data-status=\"init\">\n<fieldset class=\"hidden-fields-container\"><input type=\"hidden\" name=\"_wpcf7\" value=\"42\" \/><input type=\"hidden\" name=\"_wpcf7_version\" value=\"6.1.5\" \/><input type=\"hidden\" name=\"_wpcf7_locale\" value=\"en_US\" \/><input type=\"hidden\" name=\"_wpcf7_unit_tag\" value=\"wpcf7-f42-o1\" \/><input type=\"hidden\" name=\"_wpcf7_container_post\" value=\"0\" \/><input type=\"hidden\" name=\"_wpcf7_posted_data_hash\" value=\"\" \/><input type=\"hidden\" name=\"_wpcf7_recaptcha_response\" value=\"\" \/>\n<\/fieldset>\n<table class=\"CF7_table\">\n\t<tr>\n\t\t<th>\n\t\t\t<p><span class=\"CF7_req\">\u5fc5\u9808<\/span> \u3054\u76f8\u8ac7\u5185\u5bb9\n\t\t\t<\/p>\n\t\t<\/th>\n\t\t<td>\n\t\t\t<p><span class=\"wpcf7-form-control-wrap\" data-name=\"checkbox-inq\"><span class=\"wpcf7-form-control wpcf7-checkbox wpcf7-validates-as-required\"><span class=\"wpcf7-list-item first\"><input type=\"checkbox\" name=\"checkbox-inq[]\" value=\"\u3054\u76f8\u8ac7\" \/><span class=\"wpcf7-list-item-label\">\u3054\u76f8\u8ac7<\/span><\/span><span class=\"wpcf7-list-item\"><input type=\"checkbox\" name=\"checkbox-inq[]\" value=\"\u304a\u898b\u7a4d\u3082\u308a\" \/><span class=\"wpcf7-list-item-label\">\u304a\u898b\u7a4d\u3082\u308a<\/span><\/span><span class=\"wpcf7-list-item\"><input type=\"checkbox\" name=\"checkbox-inq[]\" value=\"\u304a\u554f\u3044\u5408\u308f\u305b\" \/><span class=\"wpcf7-list-item-label\">\u304a\u554f\u3044\u5408\u308f\u305b<\/span><\/span><span class=\"wpcf7-list-item last\"><input type=\"checkbox\" name=\"checkbox-inq[]\" value=\"\u305d\u306e\u4ed6\" \/><span class=\"wpcf7-list-item-label\">\u305d\u306e\u4ed6<\/span><\/span><\/span><\/span>\n\t\t\t<\/p>\n\t\t<\/td>\n\t<\/tr>\n\t<tr>\n\t\t<th>\n\t\t\t<p><span class=\"CF7_req\">\u5fc5\u9808<\/span> \u304a\u540d\u524d\n\t\t\t<\/p>\n\t\t<\/th>\n\t\t<td>\n\t\t\t<p><span class=\"wpcf7-form-control-wrap\" data-name=\"your-name\"><input size=\"40\" maxlength=\"400\" class=\"wpcf7-form-control wpcf7-text wpcf7-validates-as-required\" aria-required=\"true\" aria-invalid=\"false\" placeholder=\"\u4f8b\uff1a\u3042\u306a\u305f\u306e\u304a\u540d\u524d\" value=\"\" type=\"text\" name=\"your-name\" \/><\/span>\n\t\t\t<\/p>\n\t\t<\/td>\n\t<\/tr>\n\t<tr>\n\t\t<th>\n\t\t\t<p><span class=\"CF7_req\">\u5fc5\u9808<\/span> \u30e1\u30fc\u30eb\u30a2\u30c9\u30ec\u30b9\n\t\t\t<\/p>\n\t\t<\/th>\n\t\t<td>\n\t\t\t<p><span class=\"wpcf7-form-control-wrap\" data-name=\"your-email\"><input size=\"40\" maxlength=\"400\" class=\"wpcf7-form-control wpcf7-email wpcf7-validates-as-required wpcf7-text wpcf7-validates-as-email\" aria-required=\"true\" aria-invalid=\"false\" placeholder=\"\u4f8b\uff1a\u00d7\u00d7\u00d7@\u00d7\u00d7\u00d7.com\" value=\"\" type=\"email\" name=\"your-email\" \/><\/span>\n\t\t\t<\/p>\n\t\t<\/td>\n\t<\/tr>\n\t<tr>\n\t\t<th>\n\t\t\t<p><span class=\"CF7_unreq\">\u4efb\u610f<\/span>\u4f1a\u793e\u540d\n\t\t\t<\/p>\n\t\t<\/th>\n\t\t<td>\n\t\t\t<p><span class=\"wpcf7-form-control-wrap\" data-name=\"your-company\"><input size=\"40\" maxlength=\"400\" class=\"wpcf7-form-control wpcf7-text\" aria-invalid=\"false\" placeholder=\"\u4f8b\uff1a\u25ef\u25ef\u682a\u5f0f\u4f1a\u793e\" value=\"\" type=\"text\" name=\"your-company\" \/><\/span>\n\t\t\t<\/p>\n\t\t<\/td>\n\t<\/tr>\n\t<tr>\n\t\t<th>\n\t\t\t<p><span class=\"CF7_req\">\u5fc5\u9808<\/span>\u90f5\u4fbf\u756a\u53f7\n\t\t\t<\/p>\n\t\t<\/th>\n\t\t<td>\n\t\t\t<p><span class=\"wpcf7-form-control-wrap\" data-name=\"zip\"><input size=\"40\" maxlength=\"400\" class=\"wpcf7-form-control wpcf7-text wpcf7-validates-as-required\" id=\"zip\" aria-required=\"true\" aria-invalid=\"false\" placeholder=\"\u4f8b\uff1a123-4567\" value=\"\" type=\"text\" name=\"zip\" \/><\/span>\n\t\t\t<\/p>\n\t\t<\/td>\n\t<\/tr>\n\t<tr>\n\t\t<th>\n\t\t\t<p><span class=\"CF7_req\">\u5fc5\u9808<\/span>\u90fd\u9053\u5e9c\u770c\n\t\t\t<\/p>\n\t\t<\/th>\n\t\t<td>\n\t\t\t<p><span class=\"wpcf7-form-control-wrap\" data-name=\"pref\"><input size=\"40\" maxlength=\"400\" class=\"wpcf7-form-control wpcf7-text wpcf7-validates-as-required\" id=\"pref\" aria-required=\"true\" aria-invalid=\"false\" placeholder=\"\u4f8b\uff1a\u6771\u4eac\u90fd\" value=\"\" type=\"text\" name=\"pref\" \/><\/span>\n\t\t\t<\/p>\n\t\t<\/td>\n\t<\/tr>\n\t<tr>\n\t\t<th>\n\t\t\t<p><span class=\"CF7_req\">\u5fc5\u9808<\/span>\u3054\u4f4f\u6240\n\t\t\t<\/p>\n\t\t<\/th>\n\t\t<td class=\"address-100\">\n\t\t\t<p><span class=\"wpcf7-form-control-wrap\" data-name=\"addr\"><input size=\"40\" maxlength=\"400\" class=\"wpcf7-form-control wpcf7-text wpcf7-validates-as-required\" id=\"addr\" aria-required=\"true\" aria-invalid=\"false\" placeholder=\"\u4f8b\uff1a\u4e2d\u592e\u533a\u9280\u5ea7\uff11\uff12\uff13\uff14\uff15\" value=\"\" type=\"text\" name=\"addr\" \/><\/span>\n\t\t\t<\/p>\n\t\t<\/td>\n\t<\/tr>\n\t<tr>\n\t\t<th>\n\t\t\t<p><span class=\"CF7_req\">\u5fc5\u9808<\/span>\u304a\u96fb\u8a71\u756a\u53f7\n\t\t\t<\/p>\n\t\t<\/th>\n\t\t<td>\n\t\t\t<p><span class=\"wpcf7-form-control-wrap\" data-name=\"your-tel\"><input size=\"40\" maxlength=\"400\" class=\"wpcf7-form-control wpcf7-text wpcf7-validates-as-required\" aria-required=\"true\" aria-invalid=\"false\" placeholder=\"\u4f8b\uff1a03-1234-5678\" value=\"\" type=\"text\" name=\"your-tel\" \/><\/span>\n\t\t\t<\/p>\n\t\t<\/td>\n\t<\/tr>\n\t<tr>\n\t\t<th>\n\t\t\t<p><span class=\"CF7_req\">\u5fc5\u9808<\/span>\u30e1\u30c3\u30bb\u30fc\u30b8\u672c\u6587\n\t\t\t<\/p>\n\t\t<\/th>\n\t\t<td class=\"message-100\">\n\t\t\t<p><span class=\"wpcf7-form-control-wrap\" data-name=\"your-message\"><textarea cols=\"40\" rows=\"10\" maxlength=\"2000\" class=\"wpcf7-form-control wpcf7-textarea wpcf7-validates-as-required\" aria-required=\"true\" aria-invalid=\"false\" placeholder=\"\u304a\u554f\u3044\u5408\u308f\u305b\u5185\u5bb9\u3092\u3054\u8a18\u5165\u304f\u3060\u3055\u3044\" name=\"your-message\"><\/textarea><\/span>\n\t\t\t<\/p>\n\t\t<\/td>\n\t<\/tr>\n<\/table>\n<p class=\"CF7_btn\"><input class=\"wpcf7-form-control wpcf7-submit has-spinner\" type=\"submit\" value=\"\u9001\u4fe1\u3059\u308b\" \/>\n<\/p><p style=\"display: none !important;\" class=\"akismet-fields-container\" data-prefix=\"_wpcf7_ak_\"><label>&#916;<textarea name=\"_wpcf7_ak_hp_textarea\" cols=\"45\" rows=\"8\" maxlength=\"100\"><\/textarea><\/label><input type=\"hidden\" id=\"ak_js_1\" name=\"_wpcf7_ak_js\" value=\"240\"\/><script>document.getElementById( \"ak_js_1\" ).setAttribute( \"value\", ( new Date() ).getTime() );<\/script><\/p><div class=\"wpcf7-response-output\" aria-hidden=\"true\"><\/div>\n<\/form>\n<\/div>\n\n","protected":false},"excerpt":{"rendered":"<p>\u25c6\u8077\u7a2e\u30fb\u4ed5\u4e8b\u5185\u5bb9\u25c6 \u25a0\u88fd\u9020\u30b9\u30bf\u30c3\u30d5\uff08\u7d44\u7acb\u30fb\u914d\u7dda\u7b49\uff09 \u5b9f\u969b\u306b\u5236\u5fa1\u76e4\u3092\u4f5c\u308b\u90e8\u7f72\u3067\u7d44\u7acb\u3001\u914d\u7dda\u4f5c\u696d\u304c\u30e1\u30a4\u30f3\u3067\u3059\u3002 \u25a0\u8a2d\u8a08\u30b9\u30bf\u30c3\u30d5\uff08\u4f5c\u56f3\u30fb\u677f\u91d1\u624b\u914d\u7b49\uff09 \uff23\uff21\uff24\u3067\u96fb\u6c17\u56de\u8def\u56f3\u3084\u96fb\u6c17\u8a2d\u5099\u8a2d\u8a08\u56f3\u3092\u4f5c\u6210\u3059\u308b\u306e\u304c\u30e1\u30a4\u30f3\u3067\u3059&#8230;<\/p>\n","protected":false},"author":1,"featured_media":0,"parent":0,"menu_order":0,"comment_status":"closed","ping_status":"closed","template":"","meta":{"footnotes":""},"class_list":["post-610","page","type-page","status-publish","hentry"],"_links":{"self":[{"href":"https:\/\/www.eichoudenki.net\/index.php?rest_route=\/wp\/v2\/pages\/610","targetHints":{"allow":["GET"]}}],"collection":[{"href":"https:\/\/www.eichoudenki.net\/index.php?rest_route=\/wp\/v2\/pages"}],"about":[{"href":"https:\/\/www.eichoudenki.net\/index.php?rest_route=\/wp\/v2\/types\/page"}],"author":[{"embeddable":true,"href":"https:\/\/www.eichoudenki.net\/index.php?rest_route=\/wp\/v2\/users\/1"}],"replies":[{"embeddable":true,"href":"https:\/\/www.eichoudenki.net\/index.php?rest_route=%2Fwp%2Fv2%2Fcomments&post=610"}],"version-history":[{"count":5,"href":"https:\/\/www.eichoudenki.net\/index.php?rest_route=\/wp\/v2\/pages\/610\/revisions"}],"predecessor-version":[{"id":615,"href":"https:\/\/www.eichoudenki.net\/index.php?rest_route=\/wp\/v2\/pages\/610\/revisions\/615"}],"wp:attachment":[{"href":"https:\/\/www.eichoudenki.net\/index.php?rest_route=%2Fwp%2Fv2%2Fmedia&parent=610"}],"curies":[{"name":"wp","href":"https:\/\/api.w.org\/{rel}","templated":true}]}}